{"id":370,"date":"2022-03-14T16:07:39","date_gmt":"2022-03-14T19:07:39","guid":{"rendered":"https:\/\/imaginatica.com.br\/?page_id=370"},"modified":"2022-03-16T16:03:27","modified_gmt":"2022-03-16T19:03:27","slug":"linkedin","status":"publish","type":"page","link":"https:\/\/imaginatica.com.br\/index.php\/linkedin\/","title":{"rendered":"LinkedIn"},"content":{"rendered":"\t\t<div data-elementor-type=\"wp-page\" data-elementor-id=\"370\" class=\"elementor elementor-370\" data-elementor-post-type=\"page\">\n\t\t\t\t\t\t<section class=\"elementor-section elementor-top-section elementor-element elementor-element-dd2677b elementor-section-full_width elementor-section-stretched elementor-section-height-default elementor-section-height-default\" data-id=\"dd2677b\" data-element_type=\"section\" data-settings=\"{&quot;stretch_section&quot;:&quot;section-stretched&quot;}\">\n\t\t\t\t\t\t<div class=\"elementor-container elementor-column-gap-default\">\n\t\t\t\t\t<div class=\"elementor-column elementor-col-33 elementor-top-column elementor-element elementor-element-c809ecd\" data-id=\"c809ecd\" data-element_type=\"column\">\n\t\t\t<div class=\"elementor-widget-wrap elementor-element-populated\">\n\t\t\t\t\t\t<div class=\"elementor-element elementor-element-62b0436 e-transform elementor-widget elementor-widget-image\" data-id=\"62b0436\" data-element_type=\"widget\" data-settings=\"{&quot;_transform_scale_effect_hover&quot;:{&quot;unit&quot;:&quot;px&quot;,&quot;size&quot;:1.05,&quot;sizes&quot;:[]},&quot;_transform_scale_effect_hover_tablet&quot;:{&quot;unit&quot;:&quot;px&quot;,&quot;size&quot;:&quot;&quot;,&quot;sizes&quot;:[]},&quot;_transform_scale_effect_hover_mobile&quot;:{&quot;unit&quot;:&quot;px&quot;,&quot;size&quot;:&quot;&quot;,&quot;sizes&quot;:[]}}\" data-widget_type=\"image.default\">\n\t\t\t\t<div class=\"elementor-widget-container\">\n\t\t\t\t\t\t\t\t\t\t\t\t\t<img fetchpriority=\"high\" decoding=\"async\" width=\"1024\" height=\"1024\" src=\"https:\/\/imaginatica.com.br\/wp-content\/uploads\/2022\/03\/post_institucional_faztec-1024x1024.jpg\" class=\"attachment-large size-large wp-image-504\" alt=\"\" srcset=\"https:\/\/imaginatica.com.br\/wp-content\/uploads\/2022\/03\/post_institucional_faztec-1024x1024.jpg 1024w, https:\/\/imaginatica.com.br\/wp-content\/uploads\/2022\/03\/post_institucional_faztec-300x300.jpg 300w, https:\/\/imaginatica.com.br\/wp-content\/uploads\/2022\/03\/post_institucional_faztec-150x150.jpg 150w, https:\/\/imaginatica.com.br\/wp-content\/uploads\/2022\/03\/post_institucional_faztec-768x768.jpg 768w, https:\/\/imaginatica.com.br\/wp-content\/uploads\/2022\/03\/post_institucional_faztec-1536x1536.jpg 1536w, https:\/\/imaginatica.com.br\/wp-content\/uploads\/2022\/03\/post_institucional_faztec-920x920.jpg 920w, https:\/\/imaginatica.com.br\/wp-content\/uploads\/2022\/03\/post_institucional_faztec-230x230.jpg 230w, https:\/\/imaginatica.com.br\/wp-content\/uploads\/2022\/03\/post_institucional_faztec-350x350.jpg 350w, https:\/\/imaginatica.com.br\/wp-content\/uploads\/2022\/03\/post_institucional_faztec-480x480.jpg 480w, https:\/\/imaginatica.com.br\/wp-content\/uploads\/2022\/03\/post_institucional_faztec.jpg 2000w\" sizes=\"(max-width: 1024px) 100vw, 1024px\" \/>\t\t\t\t\t\t\t\t\t\t\t\t\t<\/div>\n\t\t\t\t<\/div>\n\t\t\t\t\t<\/div>\n\t\t<\/div>\n\t\t\t\t<div class=\"elementor-column elementor-col-33 elementor-top-column elementor-element elementor-element-16ff177\" data-id=\"16ff177\" data-element_type=\"column\">\n\t\t\t<div class=\"elementor-widget-wrap elementor-element-populated\">\n\t\t\t\t\t\t<div class=\"elementor-element elementor-element-0d4a61a e-transform elementor-widget elementor-widget-image\" data-id=\"0d4a61a\" data-element_type=\"widget\" data-settings=\"{&quot;_transform_scale_effect_hover&quot;:{&quot;unit&quot;:&quot;px&quot;,&quot;size&quot;:1.05,&quot;sizes&quot;:[]},&quot;_transform_scale_effect_hover_tablet&quot;:{&quot;unit&quot;:&quot;px&quot;,&quot;size&quot;:&quot;&quot;,&quot;sizes&quot;:[]},&quot;_transform_scale_effect_hover_mobile&quot;:{&quot;unit&quot;:&quot;px&quot;,&quot;size&quot;:&quot;&quot;,&quot;sizes&quot;:[]}}\" data-widget_type=\"image.default\">\n\t\t\t\t<div class=\"elementor-widget-container\">\n\t\t\t\t\t\t\t\t\t\t\t\t\t<img decoding=\"async\" width=\"1024\" height=\"1024\" src=\"https:\/\/imaginatica.com.br\/wp-content\/uploads\/2022\/03\/post_obra_emergencial_ball_contrato_fechado-1024x1024.jpg\" class=\"attachment-large size-large wp-image-506\" alt=\"\" srcset=\"https:\/\/imaginatica.com.br\/wp-content\/uploads\/2022\/03\/post_obra_emergencial_ball_contrato_fechado-1024x1024.jpg 1024w, https:\/\/imaginatica.com.br\/wp-content\/uploads\/2022\/03\/post_obra_emergencial_ball_contrato_fechado-300x300.jpg 300w, https:\/\/imaginatica.com.br\/wp-content\/uploads\/2022\/03\/post_obra_emergencial_ball_contrato_fechado-150x150.jpg 150w, https:\/\/imaginatica.com.br\/wp-content\/uploads\/2022\/03\/post_obra_emergencial_ball_contrato_fechado-768x768.jpg 768w, https:\/\/imaginatica.com.br\/wp-content\/uploads\/2022\/03\/post_obra_emergencial_ball_contrato_fechado-1536x1536.jpg 1536w, https:\/\/imaginatica.com.br\/wp-content\/uploads\/2022\/03\/post_obra_emergencial_ball_contrato_fechado-920x920.jpg 920w, https:\/\/imaginatica.com.br\/wp-content\/uploads\/2022\/03\/post_obra_emergencial_ball_contrato_fechado-230x230.jpg 230w, https:\/\/imaginatica.com.br\/wp-content\/uploads\/2022\/03\/post_obra_emergencial_ball_contrato_fechado-350x350.jpg 350w, https:\/\/imaginatica.com.br\/wp-content\/uploads\/2022\/03\/post_obra_emergencial_ball_contrato_fechado-480x480.jpg 480w, https:\/\/imaginatica.com.br\/wp-content\/uploads\/2022\/03\/post_obra_emergencial_ball_contrato_fechado.jpg 2000w\" sizes=\"(max-width: 1024px) 100vw, 1024px\" \/>\t\t\t\t\t\t\t\t\t\t\t\t\t<\/div>\n\t\t\t\t<\/div>\n\t\t\t\t\t<\/div>\n\t\t<\/div>\n\t\t\t\t<div class=\"elementor-column elementor-col-33 elementor-top-column elementor-element elementor-element-971fb25\" data-id=\"971fb25\" data-element_type=\"column\">\n\t\t\t<div class=\"elementor-widget-wrap elementor-element-populated\">\n\t\t\t\t\t\t<div class=\"elementor-element elementor-element-0a02005 e-transform elementor-widget elementor-widget-image\" data-id=\"0a02005\" data-element_type=\"widget\" data-settings=\"{&quot;_transform_scale_effect_hover&quot;:{&quot;unit&quot;:&quot;px&quot;,&quot;size&quot;:1.05,&quot;sizes&quot;:[]},&quot;_transform_scale_effect_hover_tablet&quot;:{&quot;unit&quot;:&quot;px&quot;,&quot;size&quot;:&quot;&quot;,&quot;sizes&quot;:[]},&quot;_transform_scale_effect_hover_mobile&quot;:{&quot;unit&quot;:&quot;px&quot;,&quot;size&quot;:&quot;&quot;,&quot;sizes&quot;:[]}}\" data-widget_type=\"image.default\">\n\t\t\t\t<div class=\"elementor-widget-container\">\n\t\t\t\t\t\t\t\t\t\t\t\t\t<img decoding=\"async\" width=\"1024\" height=\"1024\" src=\"https:\/\/imaginatica.com.br\/wp-content\/uploads\/2022\/03\/post_obra_fechada_santander_salver-1024x1024.jpg\" class=\"attachment-large size-large wp-image-507\" alt=\"\" srcset=\"https:\/\/imaginatica.com.br\/wp-content\/uploads\/2022\/03\/post_obra_fechada_santander_salver-1024x1024.jpg 1024w, https:\/\/imaginatica.com.br\/wp-content\/uploads\/2022\/03\/post_obra_fechada_santander_salver-300x300.jpg 300w, https:\/\/imaginatica.com.br\/wp-content\/uploads\/2022\/03\/post_obra_fechada_santander_salver-150x150.jpg 150w, https:\/\/imaginatica.com.br\/wp-content\/uploads\/2022\/03\/post_obra_fechada_santander_salver-768x768.jpg 768w, https:\/\/imaginatica.com.br\/wp-content\/uploads\/2022\/03\/post_obra_fechada_santander_salver-1536x1536.jpg 1536w, https:\/\/imaginatica.com.br\/wp-content\/uploads\/2022\/03\/post_obra_fechada_santander_salver-920x920.jpg 920w, https:\/\/imaginatica.com.br\/wp-content\/uploads\/2022\/03\/post_obra_fechada_santander_salver-230x230.jpg 230w, https:\/\/imaginatica.com.br\/wp-content\/uploads\/2022\/03\/post_obra_fechada_santander_salver-350x350.jpg 350w, https:\/\/imaginatica.com.br\/wp-content\/uploads\/2022\/03\/post_obra_fechada_santander_salver-480x480.jpg 480w, https:\/\/imaginatica.com.br\/wp-content\/uploads\/2022\/03\/post_obra_fechada_santander_salver.jpg 2000w\" sizes=\"(max-width: 1024px) 100vw, 1024px\" \/>\t\t\t\t\t\t\t\t\t\t\t\t\t<\/div>\n\t\t\t\t<\/div>\n\t\t\t\t\t<\/div>\n\t\t<\/div>\n\t\t\t\t\t<\/div>\n\t\t<\/section>\n\t\t\t\t<section class=\"elementor-section elementor-top-section elementor-element elementor-element-b6d788a elementor-section-full_width elementor-section-stretched elementor-section-height-default elementor-section-height-default\" data-id=\"b6d788a\" data-element_type=\"section\" data-settings=\"{&quot;stretch_section&quot;:&quot;section-stretched&quot;}\">\n\t\t\t\t\t\t<div class=\"elementor-container elementor-column-gap-default\">\n\t\t\t\t\t<div class=\"elementor-column elementor-col-33 elementor-top-column elementor-element elementor-element-ce3d632\" data-id=\"ce3d632\" data-element_type=\"column\">\n\t\t\t<div class=\"elementor-widget-wrap elementor-element-populated\">\n\t\t\t\t\t\t<div class=\"elementor-element elementor-element-fbe7b50 e-transform elementor-widget elementor-widget-image\" data-id=\"fbe7b50\" data-element_type=\"widget\" data-settings=\"{&quot;_transform_scale_effect_hover&quot;:{&quot;unit&quot;:&quot;px&quot;,&quot;size&quot;:1.05,&quot;sizes&quot;:[]},&quot;_transform_scale_effect_hover_tablet&quot;:{&quot;unit&quot;:&quot;px&quot;,&quot;size&quot;:&quot;&quot;,&quot;sizes&quot;:[]},&quot;_transform_scale_effect_hover_mobile&quot;:{&quot;unit&quot;:&quot;px&quot;,&quot;size&quot;:&quot;&quot;,&quot;sizes&quot;:[]}}\" data-widget_type=\"image.default\">\n\t\t\t\t<div class=\"elementor-widget-container\">\n\t\t\t\t\t\t\t\t\t\t\t\t\t<img loading=\"lazy\" decoding=\"async\" width=\"1024\" height=\"1024\" src=\"https:\/\/imaginatica.com.br\/wp-content\/uploads\/2022\/03\/post_linha_do_tempo_faztec-1024x1024.jpg\" class=\"attachment-large size-large wp-image-505\" alt=\"\" srcset=\"https:\/\/imaginatica.com.br\/wp-content\/uploads\/2022\/03\/post_linha_do_tempo_faztec-1024x1024.jpg 1024w, https:\/\/imaginatica.com.br\/wp-content\/uploads\/2022\/03\/post_linha_do_tempo_faztec-300x300.jpg 300w, https:\/\/imaginatica.com.br\/wp-content\/uploads\/2022\/03\/post_linha_do_tempo_faztec-150x150.jpg 150w, https:\/\/imaginatica.com.br\/wp-content\/uploads\/2022\/03\/post_linha_do_tempo_faztec-768x768.jpg 768w, https:\/\/imaginatica.com.br\/wp-content\/uploads\/2022\/03\/post_linha_do_tempo_faztec-1536x1536.jpg 1536w, https:\/\/imaginatica.com.br\/wp-content\/uploads\/2022\/03\/post_linha_do_tempo_faztec-920x920.jpg 920w, https:\/\/imaginatica.com.br\/wp-content\/uploads\/2022\/03\/post_linha_do_tempo_faztec-230x230.jpg 230w, https:\/\/imaginatica.com.br\/wp-content\/uploads\/2022\/03\/post_linha_do_tempo_faztec-350x350.jpg 350w, https:\/\/imaginatica.com.br\/wp-content\/uploads\/2022\/03\/post_linha_do_tempo_faztec-480x480.jpg 480w, https:\/\/imaginatica.com.br\/wp-content\/uploads\/2022\/03\/post_linha_do_tempo_faztec.jpg 2000w\" sizes=\"(max-width: 1024px) 100vw, 1024px\" \/>\t\t\t\t\t\t\t\t\t\t\t\t\t<\/div>\n\t\t\t\t<\/div>\n\t\t\t\t\t<\/div>\n\t\t<\/div>\n\t\t\t\t<div class=\"elementor-column elementor-col-33 elementor-top-column elementor-element elementor-element-e3d951a\" data-id=\"e3d951a\" data-element_type=\"column\">\n\t\t\t<div class=\"elementor-widget-wrap elementor-element-populated\">\n\t\t\t\t\t\t<div class=\"elementor-element elementor-element-39af1e4 e-transform elementor-widget elementor-widget-image\" data-id=\"39af1e4\" data-element_type=\"widget\" data-settings=\"{&quot;_transform_scale_effect_hover&quot;:{&quot;unit&quot;:&quot;px&quot;,&quot;size&quot;:1.05,&quot;sizes&quot;:[]},&quot;_transform_scale_effect_hover_tablet&quot;:{&quot;unit&quot;:&quot;px&quot;,&quot;size&quot;:&quot;&quot;,&quot;sizes&quot;:[]},&quot;_transform_scale_effect_hover_mobile&quot;:{&quot;unit&quot;:&quot;px&quot;,&quot;size&quot;:&quot;&quot;,&quot;sizes&quot;:[]}}\" data-widget_type=\"image.default\">\n\t\t\t\t<div class=\"elementor-widget-container\">\n\t\t\t\t\t\t\t\t\t\t\t\t\t<img loading=\"lazy\" decoding=\"async\" width=\"1024\" height=\"1024\" src=\"https:\/\/imaginatica.com.br\/wp-content\/uploads\/2022\/03\/post_selena_aeroporto_recife-1024x1024.jpg\" class=\"attachment-large size-large wp-image-508\" alt=\"\" srcset=\"https:\/\/imaginatica.com.br\/wp-content\/uploads\/2022\/03\/post_selena_aeroporto_recife-1024x1024.jpg 1024w, https:\/\/imaginatica.com.br\/wp-content\/uploads\/2022\/03\/post_selena_aeroporto_recife-300x300.jpg 300w, https:\/\/imaginatica.com.br\/wp-content\/uploads\/2022\/03\/post_selena_aeroporto_recife-150x150.jpg 150w, https:\/\/imaginatica.com.br\/wp-content\/uploads\/2022\/03\/post_selena_aeroporto_recife-768x768.jpg 768w, https:\/\/imaginatica.com.br\/wp-content\/uploads\/2022\/03\/post_selena_aeroporto_recife-1536x1536.jpg 1536w, https:\/\/imaginatica.com.br\/wp-content\/uploads\/2022\/03\/post_selena_aeroporto_recife-920x920.jpg 920w, https:\/\/imaginatica.com.br\/wp-content\/uploads\/2022\/03\/post_selena_aeroporto_recife-230x230.jpg 230w, https:\/\/imaginatica.com.br\/wp-content\/uploads\/2022\/03\/post_selena_aeroporto_recife-350x350.jpg 350w, https:\/\/imaginatica.com.br\/wp-content\/uploads\/2022\/03\/post_selena_aeroporto_recife-480x480.jpg 480w, https:\/\/imaginatica.com.br\/wp-content\/uploads\/2022\/03\/post_selena_aeroporto_recife.jpg 2000w\" sizes=\"(max-width: 1024px) 100vw, 1024px\" \/>\t\t\t\t\t\t\t\t\t\t\t\t\t<\/div>\n\t\t\t\t<\/div>\n\t\t\t\t\t<\/div>\n\t\t<\/div>\n\t\t\t\t<div class=\"elementor-column elementor-col-33 elementor-top-column elementor-element elementor-element-d5d95c1\" data-id=\"d5d95c1\" data-element_type=\"column\">\n\t\t\t<div class=\"elementor-widget-wrap elementor-element-populated\">\n\t\t\t\t\t\t<div class=\"elementor-element elementor-element-4378c35 e-transform elementor-widget elementor-widget-image\" data-id=\"4378c35\" data-element_type=\"widget\" data-settings=\"{&quot;_transform_scale_effect_hover&quot;:{&quot;unit&quot;:&quot;px&quot;,&quot;size&quot;:1.05,&quot;sizes&quot;:[]},&quot;_transform_scale_effect_hover_tablet&quot;:{&quot;unit&quot;:&quot;px&quot;,&quot;size&quot;:&quot;&quot;,&quot;sizes&quot;:[]},&quot;_transform_scale_effect_hover_mobile&quot;:{&quot;unit&quot;:&quot;px&quot;,&quot;size&quot;:&quot;&quot;,&quot;sizes&quot;:[]}}\" data-widget_type=\"image.default\">\n\t\t\t\t<div class=\"elementor-widget-container\">\n\t\t\t\t\t\t\t\t\t\t\t\t\t<img loading=\"lazy\" decoding=\"async\" width=\"1024\" height=\"1024\" src=\"https:\/\/imaginatica.com.br\/wp-content\/uploads\/2022\/03\/post_dia_do_estagiario-1024x1024.jpg\" class=\"attachment-large size-large wp-image-503\" alt=\"\" srcset=\"https:\/\/imaginatica.com.br\/wp-content\/uploads\/2022\/03\/post_dia_do_estagiario-1024x1024.jpg 1024w, https:\/\/imaginatica.com.br\/wp-content\/uploads\/2022\/03\/post_dia_do_estagiario-300x300.jpg 300w, https:\/\/imaginatica.com.br\/wp-content\/uploads\/2022\/03\/post_dia_do_estagiario-150x150.jpg 150w, https:\/\/imaginatica.com.br\/wp-content\/uploads\/2022\/03\/post_dia_do_estagiario-768x768.jpg 768w, https:\/\/imaginatica.com.br\/wp-content\/uploads\/2022\/03\/post_dia_do_estagiario-1536x1536.jpg 1536w, https:\/\/imaginatica.com.br\/wp-content\/uploads\/2022\/03\/post_dia_do_estagiario-920x920.jpg 920w, https:\/\/imaginatica.com.br\/wp-content\/uploads\/2022\/03\/post_dia_do_estagiario-230x230.jpg 230w, https:\/\/imaginatica.com.br\/wp-content\/uploads\/2022\/03\/post_dia_do_estagiario-350x350.jpg 350w, https:\/\/imaginatica.com.br\/wp-content\/uploads\/2022\/03\/post_dia_do_estagiario-480x480.jpg 480w, https:\/\/imaginatica.com.br\/wp-content\/uploads\/2022\/03\/post_dia_do_estagiario.jpg 2000w\" sizes=\"(max-width: 1024px) 100vw, 1024px\" \/>\t\t\t\t\t\t\t\t\t\t\t\t\t<\/div>\n\t\t\t\t<\/div>\n\t\t\t\t\t<\/div>\n\t\t<\/div>\n\t\t\t\t\t<\/div>\n\t\t<\/section>\n\t\t\t\t<\/div>\n\t\t","protected":false},"excerpt":{"rendered":"","protected":false},"author":1,"featured_media":0,"parent":0,"menu_order":0,"comment_status":"closed","ping_status":"closed","template":"elementor_header_footer","meta":{"footnotes":""},"class_list":["post-370","page","type-page","status-publish","hentry"],"yoast_head":"<!-- This site is optimized with the Yoast SEO plugin v23.7 - https:\/\/yoast.com\/wordpress\/plugins\/seo\/ -->\n<title>Imagin\u00e1tica Comunica\u00e7\u00e3o- Ag\u00eancia de Marketing Digital<\/title>\n<meta name=\"robots\" content=\"index, follow, max-snippet:-1, max-image-preview:large, max-video-preview:-1\" \/>\n<link rel=\"canonical\" href=\"https:\/\/imaginatica.com.br\/index.php\/linkedin\/\" \/>\n<meta property=\"og:locale\" content=\"pt_BR\" \/>\n<meta property=\"og:type\" content=\"article\" \/>\n<meta property=\"og:title\" content=\"Imagin\u00e1tica Comunica\u00e7\u00e3o- Ag\u00eancia de Marketing Digital\" \/>\n<meta property=\"og:url\" content=\"https:\/\/imaginatica.com.br\/index.php\/linkedin\/\" \/>\n<meta property=\"og:site_name\" content=\"Imagin\u00e1tica Comunica\u00e7\u00e3o\" \/>\n<meta property=\"article:modified_time\" content=\"2022-03-16T19:03:27+00:00\" \/>\n<meta property=\"og:image\" content=\"http:\/\/imaginatica.com.br\/wp-content\/uploads\/2022\/03\/post_institucional_faztec-1024x1024.jpg\" \/>\n<meta name=\"twitter:card\" content=\"summary_large_image\" \/>\n<script type=\"application\/ld+json\" class=\"yoast-schema-graph\">{\"@context\":\"https:\/\/schema.org\",\"@graph\":[{\"@type\":\"WebPage\",\"@id\":\"https:\/\/imaginatica.com.br\/index.php\/linkedin\/\",\"url\":\"https:\/\/imaginatica.com.br\/index.php\/linkedin\/\",\"name\":\"Imagin\u00e1tica Comunica\u00e7\u00e3o- Ag\u00eancia de Marketing Digital\",\"isPartOf\":{\"@id\":\"https:\/\/imaginatica.com.br\/#website\"},\"primaryImageOfPage\":{\"@id\":\"https:\/\/imaginatica.com.br\/index.php\/linkedin\/#primaryimage\"},\"image\":{\"@id\":\"https:\/\/imaginatica.com.br\/index.php\/linkedin\/#primaryimage\"},\"thumbnailUrl\":\"http:\/\/imaginatica.com.br\/wp-content\/uploads\/2022\/03\/post_institucional_faztec-1024x1024.jpg\",\"datePublished\":\"2022-03-14T19:07:39+00:00\",\"dateModified\":\"2022-03-16T19:03:27+00:00\",\"breadcrumb\":{\"@id\":\"https:\/\/imaginatica.com.br\/index.php\/linkedin\/#breadcrumb\"},\"inLanguage\":\"pt-BR\",\"potentialAction\":[{\"@type\":\"ReadAction\",\"target\":[\"https:\/\/imaginatica.com.br\/index.php\/linkedin\/\"]}]},{\"@type\":\"ImageObject\",\"inLanguage\":\"pt-BR\",\"@id\":\"https:\/\/imaginatica.com.br\/index.php\/linkedin\/#primaryimage\",\"url\":\"http:\/\/imaginatica.com.br\/wp-content\/uploads\/2022\/03\/post_institucional_faztec-1024x1024.jpg\",\"contentUrl\":\"http:\/\/imaginatica.com.br\/wp-content\/uploads\/2022\/03\/post_institucional_faztec-1024x1024.jpg\"},{\"@type\":\"BreadcrumbList\",\"@id\":\"https:\/\/imaginatica.com.br\/index.php\/linkedin\/#breadcrumb\",\"itemListElement\":[{\"@type\":\"ListItem\",\"position\":1,\"name\":\"In\u00edcio\",\"item\":\"https:\/\/imaginatica.com.br\/\"},{\"@type\":\"ListItem\",\"position\":2,\"name\":\"LinkedIn\"}]},{\"@type\":\"WebSite\",\"@id\":\"https:\/\/imaginatica.com.br\/#website\",\"url\":\"https:\/\/imaginatica.com.br\/\",\"name\":\"Imagin\u00e1tica Comunica\u00e7\u00e3o\",\"description\":\"Ag\u00eancia de Marketing\",\"publisher\":{\"@id\":\"https:\/\/imaginatica.com.br\/#organization\"},\"potentialAction\":[{\"@type\":\"SearchAction\",\"target\":{\"@type\":\"EntryPoint\",\"urlTemplate\":\"https:\/\/imaginatica.com.br\/?s={search_term_string}\"},\"query-input\":{\"@type\":\"PropertyValueSpecification\",\"valueRequired\":true,\"valueName\":\"search_term_string\"}}],\"inLanguage\":\"pt-BR\"},{\"@type\":\"Organization\",\"@id\":\"https:\/\/imaginatica.com.br\/#organization\",\"name\":\"Imagin\u00e1tica Comunica\u00e7\u00e3o\",\"url\":\"https:\/\/imaginatica.com.br\/\",\"logo\":{\"@type\":\"ImageObject\",\"inLanguage\":\"pt-BR\",\"@id\":\"https:\/\/imaginatica.com.br\/#\/schema\/logo\/image\/\",\"url\":\"https:\/\/imaginatica.com.br\/wp-content\/uploads\/2022\/02\/cropped-logo_imaginaticaAsset-2-1.png\",\"contentUrl\":\"https:\/\/imaginatica.com.br\/wp-content\/uploads\/2022\/02\/cropped-logo_imaginaticaAsset-2-1.png\",\"width\":1920,\"height\":1078,\"caption\":\"Imagin\u00e1tica Comunica\u00e7\u00e3o\"},\"image\":{\"@id\":\"https:\/\/imaginatica.com.br\/#\/schema\/logo\/image\/\"}}]}<\/script>\n<!-- \/ Yoast SEO plugin. -->","yoast_head_json":{"title":"Imagin\u00e1tica Comunica\u00e7\u00e3o- Ag\u00eancia de Marketing Digital","robots":{"index":"index","follow":"follow","max-snippet":"max-snippet:-1","max-image-preview":"max-image-preview:large","max-video-preview":"max-video-preview:-1"},"canonical":"https:\/\/imaginatica.com.br\/index.php\/linkedin\/","og_locale":"pt_BR","og_type":"article","og_title":"Imagin\u00e1tica Comunica\u00e7\u00e3o- Ag\u00eancia de Marketing Digital","og_url":"https:\/\/imaginatica.com.br\/index.php\/linkedin\/","og_site_name":"Imagin\u00e1tica Comunica\u00e7\u00e3o","article_modified_time":"2022-03-16T19:03:27+00:00","og_image":[{"url":"http:\/\/imaginatica.com.br\/wp-content\/uploads\/2022\/03\/post_institucional_faztec-1024x1024.jpg"}],"twitter_card":"summary_large_image","schema":{"@context":"https:\/\/schema.org","@graph":[{"@type":"WebPage","@id":"https:\/\/imaginatica.com.br\/index.php\/linkedin\/","url":"https:\/\/imaginatica.com.br\/index.php\/linkedin\/","name":"Imagin\u00e1tica Comunica\u00e7\u00e3o- Ag\u00eancia de Marketing Digital","isPartOf":{"@id":"https:\/\/imaginatica.com.br\/#website"},"primaryImageOfPage":{"@id":"https:\/\/imaginatica.com.br\/index.php\/linkedin\/#primaryimage"},"image":{"@id":"https:\/\/imaginatica.com.br\/index.php\/linkedin\/#primaryimage"},"thumbnailUrl":"http:\/\/imaginatica.com.br\/wp-content\/uploads\/2022\/03\/post_institucional_faztec-1024x1024.jpg","datePublished":"2022-03-14T19:07:39+00:00","dateModified":"2022-03-16T19:03:27+00:00","breadcrumb":{"@id":"https:\/\/imaginatica.com.br\/index.php\/linkedin\/#breadcrumb"},"inLanguage":"pt-BR","potentialAction":[{"@type":"ReadAction","target":["https:\/\/imaginatica.com.br\/index.php\/linkedin\/"]}]},{"@type":"ImageObject","inLanguage":"pt-BR","@id":"https:\/\/imaginatica.com.br\/index.php\/linkedin\/#primaryimage","url":"http:\/\/imaginatica.com.br\/wp-content\/uploads\/2022\/03\/post_institucional_faztec-1024x1024.jpg","contentUrl":"http:\/\/imaginatica.com.br\/wp-content\/uploads\/2022\/03\/post_institucional_faztec-1024x1024.jpg"},{"@type":"BreadcrumbList","@id":"https:\/\/imaginatica.com.br\/index.php\/linkedin\/#breadcrumb","itemListElement":[{"@type":"ListItem","position":1,"name":"In\u00edcio","item":"https:\/\/imaginatica.com.br\/"},{"@type":"ListItem","position":2,"name":"LinkedIn"}]},{"@type":"WebSite","@id":"https:\/\/imaginatica.com.br\/#website","url":"https:\/\/imaginatica.com.br\/","name":"Imagin\u00e1tica Comunica\u00e7\u00e3o","description":"Ag\u00eancia de Marketing","publisher":{"@id":"https:\/\/imaginatica.com.br\/#organization"},"potentialAction":[{"@type":"SearchAction","target":{"@type":"EntryPoint","urlTemplate":"https:\/\/imaginatica.com.br\/?s={search_term_string}"},"query-input":{"@type":"PropertyValueSpecification","valueRequired":true,"valueName":"search_term_string"}}],"inLanguage":"pt-BR"},{"@type":"Organization","@id":"https:\/\/imaginatica.com.br\/#organization","name":"Imagin\u00e1tica Comunica\u00e7\u00e3o","url":"https:\/\/imaginatica.com.br\/","logo":{"@type":"ImageObject","inLanguage":"pt-BR","@id":"https:\/\/imaginatica.com.br\/#\/schema\/logo\/image\/","url":"https:\/\/imaginatica.com.br\/wp-content\/uploads\/2022\/02\/cropped-logo_imaginaticaAsset-2-1.png","contentUrl":"https:\/\/imaginatica.com.br\/wp-content\/uploads\/2022\/02\/cropped-logo_imaginaticaAsset-2-1.png","width":1920,"height":1078,"caption":"Imagin\u00e1tica Comunica\u00e7\u00e3o"},"image":{"@id":"https:\/\/imaginatica.com.br\/#\/schema\/logo\/image\/"}}]}},"_links":{"self":[{"href":"https:\/\/imaginatica.com.br\/index.php\/wp-json\/wp\/v2\/pages\/370"}],"collection":[{"href":"https:\/\/imaginatica.com.br\/index.php\/wp-json\/wp\/v2\/pages"}],"about":[{"href":"https:\/\/imaginatica.com.br\/index.php\/wp-json\/wp\/v2\/types\/page"}],"author":[{"embeddable":true,"href":"https:\/\/imaginatica.com.br\/index.php\/wp-json\/wp\/v2\/users\/1"}],"replies":[{"embeddable":true,"href":"https:\/\/imaginatica.com.br\/index.php\/wp-json\/wp\/v2\/comments?post=370"}],"version-history":[{"count":4,"href":"https:\/\/imaginatica.com.br\/index.php\/wp-json\/wp\/v2\/pages\/370\/revisions"}],"predecessor-version":[{"id":511,"href":"https:\/\/imaginatica.com.br\/index.php\/wp-json\/wp\/v2\/pages\/370\/revisions\/511"}],"wp:attachment":[{"href":"https:\/\/imaginatica.com.br\/index.php\/wp-json\/wp\/v2\/media?parent=370"}],"curies":[{"name":"wp","href":"https:\/\/api.w.org\/{rel}","templated":true}]}}