{"id":368,"date":"2022-03-14T16:07:07","date_gmt":"2022-03-14T19:07:07","guid":{"rendered":"https:\/\/imaginatica.com.br\/?page_id=368"},"modified":"2022-03-16T16:03:54","modified_gmt":"2022-03-16T19:03:54","slug":"logotipo","status":"publish","type":"page","link":"https:\/\/imaginatica.com.br\/index.php\/logotipo\/","title":{"rendered":"Logotipo"},"content":{"rendered":"\t\t<div data-elementor-type=\"wp-page\" data-elementor-id=\"368\" class=\"elementor elementor-368\" data-elementor-post-type=\"page\">\n\t\t\t\t\t\t<section class=\"elementor-section elementor-top-section elementor-element elementor-element-95f4a13 elementor-section-full_width elementor-section-stretched elementor-section-height-default elementor-section-height-default\" data-id=\"95f4a13\" data-element_type=\"section\" data-settings=\"{&quot;stretch_section&quot;:&quot;section-stretched&quot;}\">\n\t\t\t\t\t\t<div class=\"elementor-container elementor-column-gap-default\">\n\t\t\t\t\t<div class=\"elementor-column elementor-col-33 elementor-top-column elementor-element elementor-element-81465c9\" data-id=\"81465c9\" data-element_type=\"column\">\n\t\t\t<div class=\"elementor-widget-wrap elementor-element-populated\">\n\t\t\t\t\t\t<div class=\"elementor-element elementor-element-11480f2 e-transform elementor-widget elementor-widget-image\" data-id=\"11480f2\" data-element_type=\"widget\" data-settings=\"{&quot;_transform_scale_effect_hover&quot;:{&quot;unit&quot;:&quot;px&quot;,&quot;size&quot;:1.05,&quot;sizes&quot;:[]},&quot;_transform_scale_effect_hover_tablet&quot;:{&quot;unit&quot;:&quot;px&quot;,&quot;size&quot;:&quot;&quot;,&quot;sizes&quot;:[]},&quot;_transform_scale_effect_hover_mobile&quot;:{&quot;unit&quot;:&quot;px&quot;,&quot;size&quot;:&quot;&quot;,&quot;sizes&quot;:[]}}\" data-widget_type=\"image.default\">\n\t\t\t\t<div class=\"elementor-widget-container\">\n\t\t\t\t\t\t\t\t\t\t\t\t\t<img fetchpriority=\"high\" decoding=\"async\" width=\"1024\" height=\"904\" src=\"https:\/\/imaginatica.com.br\/wp-content\/uploads\/2022\/03\/mockup1-1024x904.png\" class=\"attachment-large size-large wp-image-480\" alt=\"\" srcset=\"https:\/\/imaginatica.com.br\/wp-content\/uploads\/2022\/03\/mockup1-1024x904.png 1024w, https:\/\/imaginatica.com.br\/wp-content\/uploads\/2022\/03\/mockup1-300x265.png 300w, https:\/\/imaginatica.com.br\/wp-content\/uploads\/2022\/03\/mockup1-768x678.png 768w, https:\/\/imaginatica.com.br\/wp-content\/uploads\/2022\/03\/mockup1-1536x1355.png 1536w, https:\/\/imaginatica.com.br\/wp-content\/uploads\/2022\/03\/mockup1-2048x1807.png 2048w, https:\/\/imaginatica.com.br\/wp-content\/uploads\/2022\/03\/mockup1-920x812.png 920w, https:\/\/imaginatica.com.br\/wp-content\/uploads\/2022\/03\/mockup1-230x203.png 230w, https:\/\/imaginatica.com.br\/wp-content\/uploads\/2022\/03\/mockup1-350x309.png 350w, https:\/\/imaginatica.com.br\/wp-content\/uploads\/2022\/03\/mockup1-480x424.png 480w\" sizes=\"(max-width: 1024px) 100vw, 1024px\" \/>\t\t\t\t\t\t\t\t\t\t\t\t\t<\/div>\n\t\t\t\t<\/div>\n\t\t\t\t\t<\/div>\n\t\t<\/div>\n\t\t\t\t<div class=\"elementor-column elementor-col-33 elementor-top-column elementor-element elementor-element-5cf6509\" data-id=\"5cf6509\" data-element_type=\"column\">\n\t\t\t<div class=\"elementor-widget-wrap elementor-element-populated\">\n\t\t\t\t\t\t<div class=\"elementor-element elementor-element-21efd10 e-transform elementor-widget elementor-widget-image\" data-id=\"21efd10\" data-element_type=\"widget\" data-settings=\"{&quot;_transform_scale_effect_hover&quot;:{&quot;unit&quot;:&quot;px&quot;,&quot;size&quot;:1.05,&quot;sizes&quot;:[]},&quot;_transform_scale_effect_hover_tablet&quot;:{&quot;unit&quot;:&quot;px&quot;,&quot;size&quot;:&quot;&quot;,&quot;sizes&quot;:[]},&quot;_transform_scale_effect_hover_mobile&quot;:{&quot;unit&quot;:&quot;px&quot;,&quot;size&quot;:&quot;&quot;,&quot;sizes&quot;:[]}}\" data-widget_type=\"image.default\">\n\t\t\t\t<div class=\"elementor-widget-container\">\n\t\t\t\t\t\t\t\t\t\t\t\t\t<img decoding=\"async\" width=\"1024\" height=\"904\" src=\"https:\/\/imaginatica.com.br\/wp-content\/uploads\/2022\/03\/mockup5-1024x904.png\" class=\"attachment-large size-large wp-image-494\" alt=\"\" srcset=\"https:\/\/imaginatica.com.br\/wp-content\/uploads\/2022\/03\/mockup5-1024x904.png 1024w, https:\/\/imaginatica.com.br\/wp-content\/uploads\/2022\/03\/mockup5-300x265.png 300w, https:\/\/imaginatica.com.br\/wp-content\/uploads\/2022\/03\/mockup5-768x678.png 768w, https:\/\/imaginatica.com.br\/wp-content\/uploads\/2022\/03\/mockup5-1536x1355.png 1536w, https:\/\/imaginatica.com.br\/wp-content\/uploads\/2022\/03\/mockup5-2048x1807.png 2048w, https:\/\/imaginatica.com.br\/wp-content\/uploads\/2022\/03\/mockup5-920x812.png 920w, https:\/\/imaginatica.com.br\/wp-content\/uploads\/2022\/03\/mockup5-230x203.png 230w, https:\/\/imaginatica.com.br\/wp-content\/uploads\/2022\/03\/mockup5-350x309.png 350w, https:\/\/imaginatica.com.br\/wp-content\/uploads\/2022\/03\/mockup5-480x424.png 480w\" sizes=\"(max-width: 1024px) 100vw, 1024px\" \/>\t\t\t\t\t\t\t\t\t\t\t\t\t<\/div>\n\t\t\t\t<\/div>\n\t\t\t\t\t<\/div>\n\t\t<\/div>\n\t\t\t\t<div class=\"elementor-column elementor-col-33 elementor-top-column elementor-element elementor-element-d1b50c1\" data-id=\"d1b50c1\" data-element_type=\"column\">\n\t\t\t<div class=\"elementor-widget-wrap elementor-element-populated\">\n\t\t\t\t\t\t<div class=\"elementor-element elementor-element-b13944d e-transform elementor-widget elementor-widget-image\" data-id=\"b13944d\" data-element_type=\"widget\" data-settings=\"{&quot;_transform_scale_effect_hover&quot;:{&quot;unit&quot;:&quot;px&quot;,&quot;size&quot;:1.05,&quot;sizes&quot;:[]},&quot;_transform_scale_effect_hover_tablet&quot;:{&quot;unit&quot;:&quot;px&quot;,&quot;size&quot;:&quot;&quot;,&quot;sizes&quot;:[]},&quot;_transform_scale_effect_hover_mobile&quot;:{&quot;unit&quot;:&quot;px&quot;,&quot;size&quot;:&quot;&quot;,&quot;sizes&quot;:[]}}\" data-widget_type=\"image.default\">\n\t\t\t\t<div class=\"elementor-widget-container\">\n\t\t\t\t\t\t\t\t\t\t\t\t\t<img decoding=\"async\" width=\"1024\" height=\"904\" src=\"https:\/\/imaginatica.com.br\/wp-content\/uploads\/2022\/03\/mockup9-1024x904.png\" class=\"attachment-large size-large wp-image-487\" alt=\"\" srcset=\"https:\/\/imaginatica.com.br\/wp-content\/uploads\/2022\/03\/mockup9-1024x904.png 1024w, https:\/\/imaginatica.com.br\/wp-content\/uploads\/2022\/03\/mockup9-300x265.png 300w, https:\/\/imaginatica.com.br\/wp-content\/uploads\/2022\/03\/mockup9-768x678.png 768w, https:\/\/imaginatica.com.br\/wp-content\/uploads\/2022\/03\/mockup9-1536x1355.png 1536w, https:\/\/imaginatica.com.br\/wp-content\/uploads\/2022\/03\/mockup9-2048x1807.png 2048w, https:\/\/imaginatica.com.br\/wp-content\/uploads\/2022\/03\/mockup9-920x812.png 920w, https:\/\/imaginatica.com.br\/wp-content\/uploads\/2022\/03\/mockup9-230x203.png 230w, https:\/\/imaginatica.com.br\/wp-content\/uploads\/2022\/03\/mockup9-350x309.png 350w, https:\/\/imaginatica.com.br\/wp-content\/uploads\/2022\/03\/mockup9-480x424.png 480w\" sizes=\"(max-width: 1024px) 100vw, 1024px\" \/>\t\t\t\t\t\t\t\t\t\t\t\t\t<\/div>\n\t\t\t\t<\/div>\n\t\t\t\t\t<\/div>\n\t\t<\/div>\n\t\t\t\t\t<\/div>\n\t\t<\/section>\n\t\t\t\t<section class=\"elementor-section elementor-top-section elementor-element elementor-element-c55f5e6 elementor-section-full_width elementor-section-stretched elementor-section-height-default elementor-section-height-default\" data-id=\"c55f5e6\" data-element_type=\"section\" data-settings=\"{&quot;stretch_section&quot;:&quot;section-stretched&quot;}\">\n\t\t\t\t\t\t<div class=\"elementor-container elementor-column-gap-default\">\n\t\t\t\t\t<div class=\"elementor-column elementor-col-33 elementor-top-column elementor-element elementor-element-8d577c6\" data-id=\"8d577c6\" data-element_type=\"column\">\n\t\t\t<div class=\"elementor-widget-wrap elementor-element-populated\">\n\t\t\t\t\t\t<div class=\"elementor-element elementor-element-da0da72 e-transform elementor-widget elementor-widget-image\" data-id=\"da0da72\" data-element_type=\"widget\" data-settings=\"{&quot;_transform_scale_effect_hover&quot;:{&quot;unit&quot;:&quot;px&quot;,&quot;size&quot;:1.05,&quot;sizes&quot;:[]},&quot;_transform_scale_effect_hover_tablet&quot;:{&quot;unit&quot;:&quot;px&quot;,&quot;size&quot;:&quot;&quot;,&quot;sizes&quot;:[]},&quot;_transform_scale_effect_hover_mobile&quot;:{&quot;unit&quot;:&quot;px&quot;,&quot;size&quot;:&quot;&quot;,&quot;sizes&quot;:[]}}\" data-widget_type=\"image.default\">\n\t\t\t\t<div class=\"elementor-widget-container\">\n\t\t\t\t\t\t\t\t\t\t\t\t\t<img loading=\"lazy\" decoding=\"async\" width=\"1024\" height=\"904\" src=\"https:\/\/imaginatica.com.br\/wp-content\/uploads\/2022\/03\/mockup6-1024x904.png\" class=\"attachment-large size-large wp-image-486\" alt=\"\" srcset=\"https:\/\/imaginatica.com.br\/wp-content\/uploads\/2022\/03\/mockup6-1024x904.png 1024w, https:\/\/imaginatica.com.br\/wp-content\/uploads\/2022\/03\/mockup6-300x265.png 300w, https:\/\/imaginatica.com.br\/wp-content\/uploads\/2022\/03\/mockup6-768x678.png 768w, https:\/\/imaginatica.com.br\/wp-content\/uploads\/2022\/03\/mockup6-1536x1355.png 1536w, https:\/\/imaginatica.com.br\/wp-content\/uploads\/2022\/03\/mockup6-2048x1807.png 2048w, https:\/\/imaginatica.com.br\/wp-content\/uploads\/2022\/03\/mockup6-920x812.png 920w, https:\/\/imaginatica.com.br\/wp-content\/uploads\/2022\/03\/mockup6-230x203.png 230w, https:\/\/imaginatica.com.br\/wp-content\/uploads\/2022\/03\/mockup6-350x309.png 350w, https:\/\/imaginatica.com.br\/wp-content\/uploads\/2022\/03\/mockup6-480x424.png 480w\" sizes=\"(max-width: 1024px) 100vw, 1024px\" \/>\t\t\t\t\t\t\t\t\t\t\t\t\t<\/div>\n\t\t\t\t<\/div>\n\t\t\t\t\t<\/div>\n\t\t<\/div>\n\t\t\t\t<div class=\"elementor-column elementor-col-33 elementor-top-column elementor-element elementor-element-fae4bd5\" data-id=\"fae4bd5\" data-element_type=\"column\">\n\t\t\t<div class=\"elementor-widget-wrap elementor-element-populated\">\n\t\t\t\t\t\t<div class=\"elementor-element elementor-element-02f87c4 e-transform elementor-widget elementor-widget-image\" data-id=\"02f87c4\" data-element_type=\"widget\" data-settings=\"{&quot;_transform_scale_effect_hover&quot;:{&quot;unit&quot;:&quot;px&quot;,&quot;size&quot;:1.05,&quot;sizes&quot;:[]},&quot;_transform_scale_effect_hover_tablet&quot;:{&quot;unit&quot;:&quot;px&quot;,&quot;size&quot;:&quot;&quot;,&quot;sizes&quot;:[]},&quot;_transform_scale_effect_hover_mobile&quot;:{&quot;unit&quot;:&quot;px&quot;,&quot;size&quot;:&quot;&quot;,&quot;sizes&quot;:[]}}\" data-widget_type=\"image.default\">\n\t\t\t\t<div class=\"elementor-widget-container\">\n\t\t\t\t\t\t\t\t\t\t\t\t\t<img loading=\"lazy\" decoding=\"async\" width=\"1024\" height=\"904\" src=\"https:\/\/imaginatica.com.br\/wp-content\/uploads\/2022\/03\/mockup2-1024x904.png\" class=\"attachment-large size-large wp-image-481\" alt=\"\" srcset=\"https:\/\/imaginatica.com.br\/wp-content\/uploads\/2022\/03\/mockup2-1024x904.png 1024w, https:\/\/imaginatica.com.br\/wp-content\/uploads\/2022\/03\/mockup2-300x265.png 300w, https:\/\/imaginatica.com.br\/wp-content\/uploads\/2022\/03\/mockup2-768x678.png 768w, https:\/\/imaginatica.com.br\/wp-content\/uploads\/2022\/03\/mockup2-1536x1355.png 1536w, https:\/\/imaginatica.com.br\/wp-content\/uploads\/2022\/03\/mockup2-2048x1807.png 2048w, https:\/\/imaginatica.com.br\/wp-content\/uploads\/2022\/03\/mockup2-920x812.png 920w, https:\/\/imaginatica.com.br\/wp-content\/uploads\/2022\/03\/mockup2-230x203.png 230w, https:\/\/imaginatica.com.br\/wp-content\/uploads\/2022\/03\/mockup2-350x309.png 350w, https:\/\/imaginatica.com.br\/wp-content\/uploads\/2022\/03\/mockup2-480x424.png 480w\" sizes=\"(max-width: 1024px) 100vw, 1024px\" \/>\t\t\t\t\t\t\t\t\t\t\t\t\t<\/div>\n\t\t\t\t<\/div>\n\t\t\t\t\t<\/div>\n\t\t<\/div>\n\t\t\t\t<div class=\"elementor-column elementor-col-33 elementor-top-column elementor-element elementor-element-78264d0\" data-id=\"78264d0\" data-element_type=\"column\">\n\t\t\t<div class=\"elementor-widget-wrap elementor-element-populated\">\n\t\t\t\t\t\t<div class=\"elementor-element elementor-element-2b348ea e-transform elementor-widget elementor-widget-image\" data-id=\"2b348ea\" data-element_type=\"widget\" data-settings=\"{&quot;_transform_scale_effect_hover&quot;:{&quot;unit&quot;:&quot;px&quot;,&quot;size&quot;:1.05,&quot;sizes&quot;:[]},&quot;_transform_scale_effect_hover_tablet&quot;:{&quot;unit&quot;:&quot;px&quot;,&quot;size&quot;:&quot;&quot;,&quot;sizes&quot;:[]},&quot;_transform_scale_effect_hover_mobile&quot;:{&quot;unit&quot;:&quot;px&quot;,&quot;size&quot;:&quot;&quot;,&quot;sizes&quot;:[]}}\" data-widget_type=\"image.default\">\n\t\t\t\t<div class=\"elementor-widget-container\">\n\t\t\t\t\t\t\t\t\t\t\t\t\t<img loading=\"lazy\" decoding=\"async\" width=\"1024\" height=\"904\" src=\"https:\/\/imaginatica.com.br\/wp-content\/uploads\/2022\/03\/mockup4-1024x904.png\" class=\"attachment-large size-large wp-image-484\" alt=\"\" srcset=\"https:\/\/imaginatica.com.br\/wp-content\/uploads\/2022\/03\/mockup4-1024x904.png 1024w, https:\/\/imaginatica.com.br\/wp-content\/uploads\/2022\/03\/mockup4-300x265.png 300w, https:\/\/imaginatica.com.br\/wp-content\/uploads\/2022\/03\/mockup4-768x678.png 768w, https:\/\/imaginatica.com.br\/wp-content\/uploads\/2022\/03\/mockup4-1536x1355.png 1536w, https:\/\/imaginatica.com.br\/wp-content\/uploads\/2022\/03\/mockup4-2048x1807.png 2048w, https:\/\/imaginatica.com.br\/wp-content\/uploads\/2022\/03\/mockup4-920x812.png 920w, https:\/\/imaginatica.com.br\/wp-content\/uploads\/2022\/03\/mockup4-230x203.png 230w, https:\/\/imaginatica.com.br\/wp-content\/uploads\/2022\/03\/mockup4-350x309.png 350w, https:\/\/imaginatica.com.br\/wp-content\/uploads\/2022\/03\/mockup4-480x424.png 480w\" sizes=\"(max-width: 1024px) 100vw, 1024px\" \/>\t\t\t\t\t\t\t\t\t\t\t\t\t<\/div>\n\t\t\t\t<\/div>\n\t\t\t\t\t<\/div>\n\t\t<\/div>\n\t\t\t\t\t<\/div>\n\t\t<\/section>\n\t\t\t\t<\/div>\n\t\t","protected":false},"excerpt":{"rendered":"","protected":false},"author":1,"featured_media":0,"parent":0,"menu_order":0,"comment_status":"closed","ping_status":"closed","template":"elementor_header_footer","meta":{"footnotes":""},"class_list":["post-368","page","type-page","status-publish","hentry"],"yoast_head":"<!-- This site is optimized with the Yoast SEO plugin v23.7 - https:\/\/yoast.com\/wordpress\/plugins\/seo\/ -->\n<title>Imagin\u00e1tica Comunica\u00e7\u00e3o- Ag\u00eancia de Marketing Digital<\/title>\n<meta name=\"robots\" content=\"index, follow, max-snippet:-1, max-image-preview:large, max-video-preview:-1\" \/>\n<link rel=\"canonical\" href=\"https:\/\/imaginatica.com.br\/index.php\/logotipo\/\" \/>\n<meta property=\"og:locale\" content=\"pt_BR\" \/>\n<meta property=\"og:type\" content=\"article\" \/>\n<meta property=\"og:title\" content=\"Imagin\u00e1tica Comunica\u00e7\u00e3o- Ag\u00eancia de Marketing Digital\" \/>\n<meta property=\"og:url\" content=\"https:\/\/imaginatica.com.br\/index.php\/logotipo\/\" \/>\n<meta property=\"og:site_name\" content=\"Imagin\u00e1tica Comunica\u00e7\u00e3o\" \/>\n<meta property=\"article:modified_time\" content=\"2022-03-16T19:03:54+00:00\" \/>\n<meta property=\"og:image\" content=\"http:\/\/imaginatica.com.br\/wp-content\/uploads\/2022\/03\/mockup1-1024x904.png\" \/>\n<meta name=\"twitter:card\" content=\"summary_large_image\" \/>\n<script type=\"application\/ld+json\" class=\"yoast-schema-graph\">{\"@context\":\"https:\/\/schema.org\",\"@graph\":[{\"@type\":\"WebPage\",\"@id\":\"https:\/\/imaginatica.com.br\/index.php\/logotipo\/\",\"url\":\"https:\/\/imaginatica.com.br\/index.php\/logotipo\/\",\"name\":\"Imagin\u00e1tica Comunica\u00e7\u00e3o- Ag\u00eancia de Marketing Digital\",\"isPartOf\":{\"@id\":\"https:\/\/imaginatica.com.br\/#website\"},\"primaryImageOfPage\":{\"@id\":\"https:\/\/imaginatica.com.br\/index.php\/logotipo\/#primaryimage\"},\"image\":{\"@id\":\"https:\/\/imaginatica.com.br\/index.php\/logotipo\/#primaryimage\"},\"thumbnailUrl\":\"http:\/\/imaginatica.com.br\/wp-content\/uploads\/2022\/03\/mockup1-1024x904.png\",\"datePublished\":\"2022-03-14T19:07:07+00:00\",\"dateModified\":\"2022-03-16T19:03:54+00:00\",\"breadcrumb\":{\"@id\":\"https:\/\/imaginatica.com.br\/index.php\/logotipo\/#breadcrumb\"},\"inLanguage\":\"pt-BR\",\"potentialAction\":[{\"@type\":\"ReadAction\",\"target\":[\"https:\/\/imaginatica.com.br\/index.php\/logotipo\/\"]}]},{\"@type\":\"ImageObject\",\"inLanguage\":\"pt-BR\",\"@id\":\"https:\/\/imaginatica.com.br\/index.php\/logotipo\/#primaryimage\",\"url\":\"http:\/\/imaginatica.com.br\/wp-content\/uploads\/2022\/03\/mockup1-1024x904.png\",\"contentUrl\":\"http:\/\/imaginatica.com.br\/wp-content\/uploads\/2022\/03\/mockup1-1024x904.png\"},{\"@type\":\"BreadcrumbList\",\"@id\":\"https:\/\/imaginatica.com.br\/index.php\/logotipo\/#breadcrumb\",\"itemListElement\":[{\"@type\":\"ListItem\",\"position\":1,\"name\":\"In\u00edcio\",\"item\":\"https:\/\/imaginatica.com.br\/\"},{\"@type\":\"ListItem\",\"position\":2,\"name\":\"Logotipo\"}]},{\"@type\":\"WebSite\",\"@id\":\"https:\/\/imaginatica.com.br\/#website\",\"url\":\"https:\/\/imaginatica.com.br\/\",\"name\":\"Imagin\u00e1tica Comunica\u00e7\u00e3o\",\"description\":\"Ag\u00eancia de Marketing\",\"publisher\":{\"@id\":\"https:\/\/imaginatica.com.br\/#organization\"},\"potentialAction\":[{\"@type\":\"SearchAction\",\"target\":{\"@type\":\"EntryPoint\",\"urlTemplate\":\"https:\/\/imaginatica.com.br\/?s={search_term_string}\"},\"query-input\":{\"@type\":\"PropertyValueSpecification\",\"valueRequired\":true,\"valueName\":\"search_term_string\"}}],\"inLanguage\":\"pt-BR\"},{\"@type\":\"Organization\",\"@id\":\"https:\/\/imaginatica.com.br\/#organization\",\"name\":\"Imagin\u00e1tica Comunica\u00e7\u00e3o\",\"url\":\"https:\/\/imaginatica.com.br\/\",\"logo\":{\"@type\":\"ImageObject\",\"inLanguage\":\"pt-BR\",\"@id\":\"https:\/\/imaginatica.com.br\/#\/schema\/logo\/image\/\",\"url\":\"https:\/\/imaginatica.com.br\/wp-content\/uploads\/2022\/02\/cropped-logo_imaginaticaAsset-2-1.png\",\"contentUrl\":\"https:\/\/imaginatica.com.br\/wp-content\/uploads\/2022\/02\/cropped-logo_imaginaticaAsset-2-1.png\",\"width\":1920,\"height\":1078,\"caption\":\"Imagin\u00e1tica Comunica\u00e7\u00e3o\"},\"image\":{\"@id\":\"https:\/\/imaginatica.com.br\/#\/schema\/logo\/image\/\"}}]}<\/script>\n<!-- \/ Yoast SEO plugin. -->","yoast_head_json":{"title":"Imagin\u00e1tica Comunica\u00e7\u00e3o- Ag\u00eancia de Marketing Digital","robots":{"index":"index","follow":"follow","max-snippet":"max-snippet:-1","max-image-preview":"max-image-preview:large","max-video-preview":"max-video-preview:-1"},"canonical":"https:\/\/imaginatica.com.br\/index.php\/logotipo\/","og_locale":"pt_BR","og_type":"article","og_title":"Imagin\u00e1tica Comunica\u00e7\u00e3o- Ag\u00eancia de Marketing Digital","og_url":"https:\/\/imaginatica.com.br\/index.php\/logotipo\/","og_site_name":"Imagin\u00e1tica Comunica\u00e7\u00e3o","article_modified_time":"2022-03-16T19:03:54+00:00","og_image":[{"url":"http:\/\/imaginatica.com.br\/wp-content\/uploads\/2022\/03\/mockup1-1024x904.png"}],"twitter_card":"summary_large_image","schema":{"@context":"https:\/\/schema.org","@graph":[{"@type":"WebPage","@id":"https:\/\/imaginatica.com.br\/index.php\/logotipo\/","url":"https:\/\/imaginatica.com.br\/index.php\/logotipo\/","name":"Imagin\u00e1tica Comunica\u00e7\u00e3o- Ag\u00eancia de Marketing Digital","isPartOf":{"@id":"https:\/\/imaginatica.com.br\/#website"},"primaryImageOfPage":{"@id":"https:\/\/imaginatica.com.br\/index.php\/logotipo\/#primaryimage"},"image":{"@id":"https:\/\/imaginatica.com.br\/index.php\/logotipo\/#primaryimage"},"thumbnailUrl":"http:\/\/imaginatica.com.br\/wp-content\/uploads\/2022\/03\/mockup1-1024x904.png","datePublished":"2022-03-14T19:07:07+00:00","dateModified":"2022-03-16T19:03:54+00:00","breadcrumb":{"@id":"https:\/\/imaginatica.com.br\/index.php\/logotipo\/#breadcrumb"},"inLanguage":"pt-BR","potentialAction":[{"@type":"ReadAction","target":["https:\/\/imaginatica.com.br\/index.php\/logotipo\/"]}]},{"@type":"ImageObject","inLanguage":"pt-BR","@id":"https:\/\/imaginatica.com.br\/index.php\/logotipo\/#primaryimage","url":"http:\/\/imaginatica.com.br\/wp-content\/uploads\/2022\/03\/mockup1-1024x904.png","contentUrl":"http:\/\/imaginatica.com.br\/wp-content\/uploads\/2022\/03\/mockup1-1024x904.png"},{"@type":"BreadcrumbList","@id":"https:\/\/imaginatica.com.br\/index.php\/logotipo\/#breadcrumb","itemListElement":[{"@type":"ListItem","position":1,"name":"In\u00edcio","item":"https:\/\/imaginatica.com.br\/"},{"@type":"ListItem","position":2,"name":"Logotipo"}]},{"@type":"WebSite","@id":"https:\/\/imaginatica.com.br\/#website","url":"https:\/\/imaginatica.com.br\/","name":"Imagin\u00e1tica Comunica\u00e7\u00e3o","description":"Ag\u00eancia de Marketing","publisher":{"@id":"https:\/\/imaginatica.com.br\/#organization"},"potentialAction":[{"@type":"SearchAction","target":{"@type":"EntryPoint","urlTemplate":"https:\/\/imaginatica.com.br\/?s={search_term_string}"},"query-input":{"@type":"PropertyValueSpecification","valueRequired":true,"valueName":"search_term_string"}}],"inLanguage":"pt-BR"},{"@type":"Organization","@id":"https:\/\/imaginatica.com.br\/#organization","name":"Imagin\u00e1tica Comunica\u00e7\u00e3o","url":"https:\/\/imaginatica.com.br\/","logo":{"@type":"ImageObject","inLanguage":"pt-BR","@id":"https:\/\/imaginatica.com.br\/#\/schema\/logo\/image\/","url":"https:\/\/imaginatica.com.br\/wp-content\/uploads\/2022\/02\/cropped-logo_imaginaticaAsset-2-1.png","contentUrl":"https:\/\/imaginatica.com.br\/wp-content\/uploads\/2022\/02\/cropped-logo_imaginaticaAsset-2-1.png","width":1920,"height":1078,"caption":"Imagin\u00e1tica Comunica\u00e7\u00e3o"},"image":{"@id":"https:\/\/imaginatica.com.br\/#\/schema\/logo\/image\/"}}]}},"_links":{"self":[{"href":"https:\/\/imaginatica.com.br\/index.php\/wp-json\/wp\/v2\/pages\/368"}],"collection":[{"href":"https:\/\/imaginatica.com.br\/index.php\/wp-json\/wp\/v2\/pages"}],"about":[{"href":"https:\/\/imaginatica.com.br\/index.php\/wp-json\/wp\/v2\/types\/page"}],"author":[{"embeddable":true,"href":"https:\/\/imaginatica.com.br\/index.php\/wp-json\/wp\/v2\/users\/1"}],"replies":[{"embeddable":true,"href":"https:\/\/imaginatica.com.br\/index.php\/wp-json\/wp\/v2\/comments?post=368"}],"version-history":[{"count":22,"href":"https:\/\/imaginatica.com.br\/index.php\/wp-json\/wp\/v2\/pages\/368\/revisions"}],"predecessor-version":[{"id":514,"href":"https:\/\/imaginatica.com.br\/index.php\/wp-json\/wp\/v2\/pages\/368\/revisions\/514"}],"wp:attachment":[{"href":"https:\/\/imaginatica.com.br\/index.php\/wp-json\/wp\/v2\/media?parent=368"}],"curies":[{"name":"wp","href":"https:\/\/api.w.org\/{rel}","templated":true}]}}